{"id":3203,"date":"2017-01-10T17:48:48","date_gmt":"2017-01-10T16:48:48","guid":{"rendered":"http:\/\/217.199.187.191\/wtckapellen.be\/?page_id=3203"},"modified":"2023-01-18T12:36:09","modified_gmt":"2023-01-18T11:36:09","slug":"bestuur-2017","status":"publish","type":"page","link":"http:\/\/217.199.187.191\/wtckapellen.be\/bestuur-2017\/","title":{"rendered":"Bestuur"},"content":{"rendered":"<p>Het bestuur voor 2022 is als volgt samengesteld:<br \/>\n&#8211; Voorzitter (secretaris) Thor Van Bouwel thorwald.vanbouwel@telenet.be<br \/>\n&#8211; Penningmeester No\u00ebl Dhaeyere<br \/>\n&#8211; Materiaal &amp; co\u00f6rdinator MTB-tocht Hugo Giebens<br \/>\n&#8211; Co\u00f6rdinator activiteiten (secretaris) Walter Linders<\/p>\n","protected":false},"excerpt":{"rendered":"<p>Het bestuur voor 2022 is als volgt samengesteld: &#8211; Voorzitter (secretaris) Thor Van Bouwel thorwald.vanbouwel@telenet.be &#8211; Penningmeester No\u00ebl Dhaeyere &#8211; Materiaal &amp; co\u00f6rdinator MTB-tocht Hugo Giebens &#8211; Co\u00f6rdinator activiteiten (secretaris) Walter Linders<\/p>\n","protected":false},"author":1,"featured_media":0,"parent":0,"menu_order":0,"comment_status":"closed","ping_status":"closed","template":"","meta":[],"_links":{"self":[{"href":"http:\/\/217.199.187.191\/wtckapellen.be\/wp-json\/wp\/v2\/pages\/3203"}],"collection":[{"href":"http:\/\/217.199.187.191\/wtckapellen.be\/wp-json\/wp\/v2\/pages"}],"about":[{"href":"http:\/\/217.199.187.191\/wtckapellen.be\/wp-json\/wp\/v2\/types\/page"}],"author":[{"embeddable":true,"href":"http:\/\/217.199.187.191\/wtckapellen.be\/wp-json\/wp\/v2\/users\/1"}],"replies":[{"embeddable":true,"href":"http:\/\/217.199.187.191\/wtckapellen.be\/wp-json\/wp\/v2\/comments?post=3203"}],"version-history":[{"count":29,"href":"http:\/\/217.199.187.191\/wtckapellen.be\/wp-json\/wp\/v2\/pages\/3203\/revisions"}],"predecessor-version":[{"id":4261,"href":"http:\/\/217.199.187.191\/wtckapellen.be\/wp-json\/wp\/v2\/pages\/3203\/revisions\/4261"}],"wp:attachment":[{"href":"http:\/\/217.199.187.191\/wtckapellen.be\/wp-json\/wp\/v2\/media?parent=3203"}],"curies":[{"name":"wp","href":"https:\/\/api.w.org\/{rel}","templated":true}]}}